{"id":140,"date":"2025-01-17T19:28:27","date_gmt":"2025-01-17T18:28:27","guid":{"rendered":"https:\/\/images91.com\/restaurant\/mentions-legales\/"},"modified":"2025-12-11T22:20:56","modified_gmt":"2025-12-11T21:20:56","slug":"mentions-legales","status":"publish","type":"page","link":"https:\/\/images91.com\/restaurant\/mentions-legales\/","title":{"rendered":"Mentions l\u00e9gales"},"content":{"rendered":"\t\t<div data-elementor-type=\"wp-page\" data-elementor-id=\"140\" class=\"elementor elementor-140\" data-elementor-post-type=\"page\">\n\t\t\t\t<div class=\"elementor-element elementor-element-7c7ce9d2 e-flex e-con-boxed e-con e-parent\" data-id=\"7c7ce9d2\" data-element_type=\"container\" data-settings=\"{&quot;background_background&quot;:&quot;gradient&quot;}\">\n\t\t\t\t\t<div class=\"e-con-inner\">\n\t\t\t\t<div class=\"elementor-element elementor-element-240e9ccc elementor-widget elementor-widget-heading\" data-id=\"240e9ccc\" data-element_type=\"widget\" data-widget_type=\"heading.default\">\n\t\t\t\t\t<h1 class=\"elementor-heading-title elementor-size-default\">Mentions L\u00e9gales<\/h1>\t\t\t\t<\/div>\n\t\t\t\t<div class=\"elementor-element elementor-element-633a2b67 elementor-widget elementor-widget-heading\" data-id=\"633a2b67\" data-element_type=\"widget\" data-widget_type=\"heading.default\">\n\t\t\t\t\t<h2 class=\"elementor-heading-title elementor-size-default\">En vigueur au\u00a015\/12\/2025<\/h2>\t\t\t\t<\/div>\n\t\t\t\t\t<\/div>\n\t\t\t\t<\/div>\n\t\t<div class=\"elementor-element elementor-element-c2a9633 e-flex e-con-boxed e-con e-parent\" data-id=\"c2a9633\" data-element_type=\"container\">\n\t\t\t\t\t<div class=\"e-con-inner\">\n\t\t\t\t<div class=\"elementor-element elementor-element-e0bedc3 elementor-widget elementor-widget-text-editor\" data-id=\"e0bedc3\" data-element_type=\"widget\" data-widget_type=\"text-editor.default\">\n\t\t\t\t\t\t\t\t\t<p>\u00a0Conform\u00e9ment aux dispositions des Articles 6-III et 19 de la Loi n\u00b02004-575 du 21 juin 2004 pour la Confiance dans l\u2019\u00e9conomie num\u00e9rique, dite L.C.E.N., il est port\u00e9 \u00e0 la connaissance des utilisateurs et visiteurs, ci-apr\u00e8s l'\u00a0\u00bbUtilisateur\u00a0\u00bb, du site\u00a0<a href=\"https:\/\/images91.com\/restaurant\">EANIS<\/a>\u00a0, ci-apr\u00e8s le \u00ab\u00a0Site\u00a0\u00bb, les pr\u00e9sentes mentions l\u00e9gales.<\/p><p>La connexion et la navigation sur le Site par l\u2019Utilisateur implique acceptation int\u00e9grale et sans r\u00e9serve des pr\u00e9sentes mentions l\u00e9gales.<\/p><p id=\"mlw-credits-show-more\">Voir les cr\u00e9dits.<\/p><div id=\"mlw-credits\">\u00a0<\/div><h3>1 &#8211; L&rsquo;\u00e9diteur<\/h3><p>L&rsquo;\u00e9dition du Site est assur\u00e9e par EANIS Association d\u00e9clar\u00e9e au capital de euros, immatricul\u00e9e au Registre du Commerce et des Soci\u00e9t\u00e9s de Marseille sous le num\u00e9ro 440707206 dont le si\u00e8ge social est situ\u00e9 au av. Prosper M\u00e9rim\u00e9e 13014 Marseille.<\/p><p>Num\u00e9ro de t\u00e9l\u00e9phone : 04 91 67 20 27,<\/p><p>Adresse e-mail : contact@eanis.fr.<\/p><p>N\u00b0 de TVA intracommunautaire : FR87440707206<\/p><p>Le Directeur de la publication est Patrick Jeannette ci-apr\u00e8s l'\u00a0\u00bbEditeur\u00a0\u00bb.<\/p><p>\u00a0<\/p><h3>2 &#8211; L&rsquo;h\u00e9bergeur<\/h3><p>L&rsquo;h\u00e9bergeur du Site est la soci\u00e9t\u00e9 IONOS, dont le si\u00e8ge social est situ\u00e9 au IONOS SARL (7, place de la Gare, BP 70109, 57200 Sarreguemines Cedex , avec le num\u00e9ro de t\u00e9l\u00e9phone : 09 70 80 89 11.<\/p><p>\u00a0<\/p><h3>3 &#8211; Acc\u00e8s au site<\/h3><p>Le Site est accessible en tout endroit, 7j\/7, 24h\/24 sauf cas de force majeure, interruption programm\u00e9e ou non et pouvant d\u00e9coulant d\u2019une n\u00e9cessit\u00e9 de maintenance.<\/p><p>En cas de modification, interruption ou suspension du Site, l&rsquo;Editeur ne saurait \u00eatre tenu responsable.<\/p><p>\u00a0<\/p><h3>4 &#8211; Collecte des donn\u00e9es<\/h3><p>Le Site assure \u00e0 l&rsquo;Utilisateur une collecte et un traitement d&rsquo;informations personnelles dans le respect de la vie priv\u00e9e conform\u00e9ment \u00e0 la loi n\u00b078-17 du 6 janvier 1978 relative \u00e0 l&rsquo;informatique, aux fichiers et aux libert\u00e9s.<\/p><p>En vertu de la loi Informatique et Libert\u00e9s, en date du 6 janvier 1978, l&rsquo;Utilisateur dispose d&rsquo;un droit d&rsquo;acc\u00e8s, de rectification, de suppression et d&rsquo;opposition de ses donn\u00e9es personnelles. L&rsquo;Utilisateur exerce ce droit :<\/p><ul><li>par mail \u00e0 l&rsquo;adresse email contact@eanis.fr<\/li><li>par courrier postal \u00e0 l&rsquo;adresse EANIS, av. Prosper M\u00e9rim\u00e9e 13014 Marseille<\/li><li>via le\u00a0<a href=\"https:\/\/images91.com\/restaurant\/contact\/\">formulaire de contact<\/a><\/li><\/ul><p>Toute utilisation, reproduction, diffusion, commercialisation, modification de toute ou partie du Site, sans autorisation de l\u2019Editeur est prohib\u00e9e et pourra entra\u00een\u00e9e des actions et poursuites judiciaires telles que notamment pr\u00e9vues par le Code de la propri\u00e9t\u00e9 intellectuelle et le Code civil.<\/p><p>Pour plus d\u2019informations, se reporter aux CGU du site\u00a0<a href=\"https:\/\/images91.com\/restaurant\">EANIS<\/a>\u00a0accessible \u00e0 la rubrique \u00ab\u00a0CGU\u00a0\u00bb<\/p><p>Pour plus d\u2019informations, se reporter aux CGV du site\u00a0<a href=\"https:\/\/images91.com\/restaurant\">EANIS<\/a>\u00a0accessible \u00e0 la rubrique \u00ab\u00a0CGV\u00a0\u00bb<\/p><p>Pour plus d&rsquo;informations en mati\u00e8re de protection des donn\u00e9es \u00e0 caract\u00e8re personnel , se reporter \u00e0 la Charte en mati\u00e8re de protection des donn\u00e9es \u00e0 caract\u00e8re personnel du site\u00a0<a href=\"https:\/\/images91.com\/restaurant\">EANIS<\/a>\u00a0accessible \u00e0 la rubrique \u00ab\u00a0Donn\u00e9es personnelles\u00a0\u00bb<\/p><p>Pour plus d&rsquo;informations en mati\u00e8re de cookies, se reporter \u00e0 la Charte en mati\u00e8re de cookies du site\u00a0<a href=\"https:\/\/images91.com\/restaurant\">EANIS<\/a>\u00a0accessible \u00e0 la rubrique \u00ab\u00a0Cookies\u00a0\u00bb<\/p>\t\t\t\t\t\t\t\t<\/div>\n\t\t\t\t\t<\/div>\n\t\t\t\t<\/div>\n\t\t\t\t<\/div>\n\t\t","protected":false},"excerpt":{"rendered":"<p>Mentions L\u00e9gales En vigueur au\u00a015\/12\/2025 \u00a0Conform\u00e9ment aux dispositions des Articles 6-III et 19 de la Loi n\u00b02004-575 du 21 juin [&hellip;]<\/p>\n","protected":false},"author":1,"featured_media":0,"parent":0,"menu_order":7,"comment_status":"closed","ping_status":"closed","template":"","meta":{"_acf_changed":false,"site-sidebar-layout":"no-sidebar","site-content-layout":"","ast-site-content-layout":"full-width-container","site-content-style":"default","site-sidebar-style":"default","ast-global-header-display":"","ast-banner-title-visibility":"","ast-main-header-display":"","ast-hfb-above-header-display":"","ast-hfb-below-header-display":"","ast-hfb-mobile-header-display":"","site-post-title":"","ast-breadcrumbs-content":"","ast-featured-img":"disabled","footer-sml-layout":"","ast-disable-related-posts":"","theme-transparent-header-meta":"","adv-header-id-meta":"","stick-header-meta":"","header-above-stick-meta":"","header-main-stick-meta":"","header-below-stick-meta":"","astra-migrate-meta-layouts":"default","ast-page-background-enabled":"default","ast-page-background-meta":{"desktop":{"background-color":"var(--ast-global-color-5)","background-image":"","background-repeat":"repeat","background-position":"center center","background-size":"auto","background-attachment":"scroll","background-type":"","background-media":"","overlay-type":"","overlay-color":"","overlay-opacity":"","overlay-gradient":""},"tablet":{"background-color":"","background-image":"","background-repeat":"repeat","background-position":"center center","background-size":"auto","background-attachment":"scroll","background-type":"","background-media":"","overlay-type":"","overlay-color":"","overlay-opacity":"","overlay-gradient":""},"mobile":{"background-color":"","background-image":"","background-repeat":"repeat","background-position":"center center","background-size":"auto","background-attachment":"scroll","background-type":"","background-media":"","overlay-type":"","overlay-color":"","overlay-opacity":"","overlay-gradient":""}},"ast-content-background-meta":{"desktop":{"background-color":"var(--ast-global-color-4)","background-image":"","background-repeat":"repeat","background-position":"center center","background-size":"auto","background-attachment":"scroll","background-type":"","background-media":"","overlay-type":"","overlay-color":"","overlay-opacity":"","overlay-gradient":""},"tablet":{"background-color":"var(--ast-global-color-4)","background-image":"","background-repeat":"repeat","background-position":"center center","background-size":"auto","background-attachment":"scroll","background-type":"","background-media":"","overlay-type":"","overlay-color":"","overlay-opacity":"","overlay-gradient":""},"mobile":{"background-color":"var(--ast-global-color-4)","background-image":"","background-repeat":"repeat","background-position":"center center","background-size":"auto","background-attachment":"scroll","background-type":"","background-media":"","overlay-type":"","overlay-color":"","overlay-opacity":"","overlay-gradient":""}},"footnotes":""},"class_list":["post-140","page","type-page","status-publish","hentry"],"acf":[],"_links":{"self":[{"href":"https:\/\/images91.com\/restaurant\/wp-json\/wp\/v2\/pages\/140","targetHints":{"allow":["GET"]}}],"collection":[{"href":"https:\/\/images91.com\/restaurant\/wp-json\/wp\/v2\/pages"}],"about":[{"href":"https:\/\/images91.com\/restaurant\/wp-json\/wp\/v2\/types\/page"}],"author":[{"embeddable":true,"href":"https:\/\/images91.com\/restaurant\/wp-json\/wp\/v2\/users\/1"}],"replies":[{"embeddable":true,"href":"https:\/\/images91.com\/restaurant\/wp-json\/wp\/v2\/comments?post=140"}],"version-history":[{"count":6,"href":"https:\/\/images91.com\/restaurant\/wp-json\/wp\/v2\/pages\/140\/revisions"}],"predecessor-version":[{"id":3229,"href":"https:\/\/images91.com\/restaurant\/wp-json\/wp\/v2\/pages\/140\/revisions\/3229"}],"wp:attachment":[{"href":"https:\/\/images91.com\/restaurant\/wp-json\/wp\/v2\/media?parent=140"}],"curies":[{"name":"wp","href":"https:\/\/api.w.org\/{rel}","templated":true}]}}