{"id":2096,"date":"2025-11-10T23:13:45","date_gmt":"2025-11-10T22:13:45","guid":{"rendered":"https:\/\/images91.com\/restaurant\/?page_id=2096"},"modified":"2026-01-13T13:26:25","modified_gmt":"2026-01-13T12:26:25","slug":"candidater","status":"publish","type":"page","link":"https:\/\/images91.com\/restaurant\/candidater\/","title":{"rendered":"Candidater"},"content":{"rendered":"\t\t<div data-elementor-type=\"wp-page\" data-elementor-id=\"2096\" class=\"elementor elementor-2096\" data-elementor-post-type=\"page\">\n\t\t\t\t<div class=\"elementor-element elementor-element-417dc935 e-flex e-con-boxed e-con e-parent\" data-id=\"417dc935\" data-element_type=\"container\" data-settings=\"{&quot;background_background&quot;:&quot;gradient&quot;}\">\n\t\t\t\t\t<div class=\"e-con-inner\">\n\t\t\t\t<div class=\"elementor-element elementor-element-1ae1d3fd elementor-widget elementor-widget-heading\" data-id=\"1ae1d3fd\" data-element_type=\"widget\" data-widget_type=\"heading.default\">\n\t\t\t\t\t<h2 class=\"elementor-heading-title elementor-size-default\">Rejoignez EANIS<\/h2>\t\t\t\t<\/div>\n\t\t\t\t<div class=\"elementor-element elementor-element-5cceb639 elementor-widget elementor-widget-heading\" data-id=\"5cceb639\" data-element_type=\"widget\" data-widget_type=\"heading.default\">\n\t\t\t\t\t<h2 class=\"elementor-heading-title elementor-size-default\">Rejoignez-nous et transformez votre passion en carri\u00e8re<\/h2>\t\t\t\t<\/div>\n\t\t\t\t\t<\/div>\n\t\t\t\t<\/div>\n\t\t<div class=\"elementor-element elementor-element-daa0ac5 e-con-full e-flex e-con e-parent\" data-id=\"daa0ac5\" data-element_type=\"container\">\n\t\t<div class=\"elementor-element elementor-element-7429282 e-con-full e-flex e-con e-child\" data-id=\"7429282\" data-element_type=\"container\">\n\t\t\t\t<div class=\"elementor-element elementor-element-a616f0c elementor-widget elementor-widget-heading\" data-id=\"a616f0c\" data-element_type=\"widget\" data-widget_type=\"heading.default\">\n\t\t\t\t\t<h3 class=\"elementor-heading-title elementor-size-default\">Pourquoi nous rejoindre ?<\/h3>\t\t\t\t<\/div>\n\t\t\t\t<\/div>\n\t\t<div class=\"elementor-element elementor-element-51c6cf0 e-con-full e-grid e-con e-child\" data-id=\"51c6cf0\" data-element_type=\"container\">\n\t\t\t\t<div class=\"elementor-element elementor-element-003af09 elementor-view-stacked elementor-shape-rounded elementor-position-block-start elementor-mobile-position-block-start elementor-widget elementor-widget-icon-box\" data-id=\"003af09\" data-element_type=\"widget\" data-widget_type=\"icon-box.default\">\n\t\t\t\t\t\t\t<div class=\"elementor-icon-box-wrapper\">\n\n\t\t\t\t\t\t<div class=\"elementor-icon-box-icon\">\n\t\t\t\t<span  class=\"elementor-icon\">\n\t\t\t\t<svg xmlns=\"http:\/\/www.w3.org\/2000\/svg\" width=\"24\" height=\"24\" viewBox=\"0 0 24 24\" fill=\"none\" stroke=\"currentColor\" stroke-width=\"2\" stroke-linecap=\"round\" stroke-linejoin=\"round\" class=\"lucide lucide-award h-10 w-10 text-[#C23232] mb-4\"><circle cx=\"12\" cy=\"8\" r=\"6\"><\/circle><path d=\"M15.477 12.89 17 22l-5-3-5 3 1.523-9.11\"><\/path><\/svg>\t\t\t\t<\/span>\n\t\t\t<\/div>\n\t\t\t\n\t\t\t\t\t\t<div class=\"elementor-icon-box-content\">\n\n\t\t\t\t\t\t\t\t\t<h3 class=\"elementor-icon-box-title\">\n\t\t\t\t\t\t<span  >\n\t\t\t\t\t\t\tFormation d'excellence\t\t\t\t\t\t<\/span>\n\t\t\t\t\t<\/h3>\n\t\t\t\t\n\t\t\t\t\t\t\t\t\t<p class=\"elementor-icon-box-description\">\n\t\t\t\t\t\tStudios professionnels, formateurs experts du secteur\t\t\t\t\t<\/p>\n\t\t\t\t\n\t\t\t<\/div>\n\t\t\t\n\t\t<\/div>\n\t\t\t\t\t\t<\/div>\n\t\t\t\t<div class=\"elementor-element elementor-element-5da6aea elementor-view-stacked elementor-shape-rounded elementor-position-block-start elementor-mobile-position-block-start elementor-widget elementor-widget-icon-box\" data-id=\"5da6aea\" data-element_type=\"widget\" data-widget_type=\"icon-box.default\">\n\t\t\t\t\t\t\t<div class=\"elementor-icon-box-wrapper\">\n\n\t\t\t\t\t\t<div class=\"elementor-icon-box-icon\">\n\t\t\t\t<span  class=\"elementor-icon\">\n\t\t\t\t<svg xmlns=\"http:\/\/www.w3.org\/2000\/svg\" width=\"24\" height=\"24\" viewBox=\"0 0 24 24\" fill=\"none\" stroke=\"currentColor\" stroke-width=\"2\" stroke-linecap=\"round\" stroke-linejoin=\"round\" class=\"lucide lucide-check-square h-8 w-8 text-[#C23232] mr-3\"><path d=\"m9 11 3 3L22 4\"><\/path><path d=\"M21 12v7a2 2 0 0 1-2 2H5a2 2 0 0 1-2-2V5a2 2 0 0 1 2-2h11\"><\/path><\/svg>\t\t\t\t<\/span>\n\t\t\t<\/div>\n\t\t\t\n\t\t\t\t\t\t<div class=\"elementor-icon-box-content\">\n\n\t\t\t\t\t\t\t\t\t<h3 class=\"elementor-icon-box-title\">\n\t\t\t\t\t\t<span  >\n\t\t\t\t\t\t\tInsertion professionnelle\t\t\t\t\t\t<\/span>\n\t\t\t\t\t<\/h3>\n\t\t\t\t\n\t\t\t\t\t\t\t\t\t<p class=\"elementor-icon-box-description\">\n\t\t\t\t\t\tR\u00e9seau d'entreprises partenaires\t\t\t\t\t<\/p>\n\t\t\t\t\n\t\t\t<\/div>\n\t\t\t\n\t\t<\/div>\n\t\t\t\t\t\t<\/div>\n\t\t\t\t<div class=\"elementor-element elementor-element-970dc2d elementor-view-stacked elementor-shape-rounded elementor-position-block-start elementor-mobile-position-block-start elementor-widget elementor-widget-icon-box\" data-id=\"970dc2d\" data-element_type=\"widget\" data-widget_type=\"icon-box.default\">\n\t\t\t\t\t\t\t<div class=\"elementor-icon-box-wrapper\">\n\n\t\t\t\t\t\t<div class=\"elementor-icon-box-icon\">\n\t\t\t\t<span  class=\"elementor-icon\">\n\t\t\t\t<svg xmlns=\"http:\/\/www.w3.org\/2000\/svg\" width=\"24\" height=\"24\" viewBox=\"0 0 24 24\" fill=\"none\" stroke=\"currentColor\" stroke-width=\"2\" stroke-linecap=\"round\" stroke-linejoin=\"round\" class=\"lucide lucide-users h-10 w-10 text-[#C23232] mb-4\"><path d=\"M16 21v-2a4 4 0 0 0-4-4H6a4 4 0 0 0-4 4v2\"><\/path><circle cx=\"9\" cy=\"7\" r=\"4\"><\/circle><path d=\"M22 21v-2a4 4 0 0 0-3-3.87\"><\/path><path d=\"M16 3.13a4 4 0 0 1 0 7.75\"><\/path><\/svg>\t\t\t\t<\/span>\n\t\t\t<\/div>\n\t\t\t\n\t\t\t\t\t\t<div class=\"elementor-icon-box-content\">\n\n\t\t\t\t\t\t\t\t\t<h3 class=\"elementor-icon-box-title\">\n\t\t\t\t\t\t<span  >\n\t\t\t\t\t\t\tAccompagnement \t\t\t\t\t\t<\/span>\n\t\t\t\t\t<\/h3>\n\t\t\t\t\n\t\t\t\t\t\t\t\t\t<p class=\"elementor-icon-box-description\">\n\t\t\t\t\t\tSuivi p\u00e9dagogique individuel\t\t\t\t\t<\/p>\n\t\t\t\t\n\t\t\t<\/div>\n\t\t\t\n\t\t<\/div>\n\t\t\t\t\t\t<\/div>\n\t\t\t\t<\/div>\n\t\t\t\t<\/div>\n\t\t<div class=\"elementor-element elementor-element-e61738d e-flex e-con-boxed e-con e-parent\" data-id=\"e61738d\" data-element_type=\"container\">\n\t\t\t\t\t<div class=\"e-con-inner\">\n\t\t<div class=\"elementor-element elementor-element-6031a18 e-con-full e-flex e-con e-child\" data-id=\"6031a18\" data-element_type=\"container\">\n\t\t\t\t<div class=\"elementor-element elementor-element-1e6ffc9 elementor-widget elementor-widget-heading\" data-id=\"1e6ffc9\" data-element_type=\"widget\" data-widget_type=\"heading.default\">\n\t\t\t\t\t<h3 class=\"elementor-heading-title elementor-size-default\">Candidatez en ligne\n<\/h3>\t\t\t\t<\/div>\n\t\t\t\t<div class=\"elementor-element elementor-element-ba9f2c9 elementor-widget elementor-widget-heading\" data-id=\"ba9f2c9\" data-element_type=\"widget\" data-widget_type=\"heading.default\">\n\t\t\t\t\t<h4 class=\"elementor-heading-title elementor-size-default\">Remplissez le formulaire ci-dessous pour d\u00e9marrer votre candidature\n<\/h4>\t\t\t\t<\/div>\n\t\t\t\t<\/div>\n\t\t<div class=\"elementor-element elementor-element-d76c684 e-con-full e-flex e-con e-child\" data-id=\"d76c684\" data-element_type=\"container\">\n\t\t\t\t<div class=\"elementor-element elementor-element-e65bbfb elementor-button-align-stretch elementor-widget elementor-widget-global elementor-global-2549 elementor-widget-form\" data-id=\"e65bbfb\" data-element_type=\"widget\" data-settings=\"{&quot;step_next_label&quot;:&quot;Suivant&quot;,&quot;step_previous_label&quot;:&quot;Pr\\u00e9c\\u00e9dent&quot;,&quot;button_width&quot;:&quot;100&quot;,&quot;step_type&quot;:&quot;number_text&quot;,&quot;step_icon_shape&quot;:&quot;circle&quot;}\" data-widget_type=\"form.default\">\n\t\t\t\t\t\t\t<form class=\"elementor-form\" method=\"post\" id=\"Demande_infos_rappel\" name=\"Candidature\" aria-label=\"Candidature\">\n\t\t\t<input type=\"hidden\" name=\"post_id\" value=\"2096\"\/>\n\t\t\t<input type=\"hidden\" name=\"form_id\" value=\"e65bbfb\"\/>\n\t\t\t<input type=\"hidden\" name=\"referer_title\" value=\"\" \/>\n\n\t\t\t\n\t\t\t<div class=\"elementor-form-fields-wrapper elementor-labels-above\">\n\t\t\t\t\t\t\t\t<div class=\"elementor-field-type-text elementor-field-group elementor-column elementor-field-group-prenom elementor-col-50 elementor-field-required elementor-mark-required\">\n\t\t\t\t\t\t\t\t\t\t\t\t<label for=\"form-field-prenom\" class=\"elementor-field-label\">\n\t\t\t\t\t\t\t\tPr\u00e9nom\t\t\t\t\t\t\t<\/label>\n\t\t\t\t\t\t\t\t\t\t\t\t\t\t<input size=\"1\" type=\"text\" name=\"form_fields[prenom]\" id=\"form-field-prenom\" class=\"elementor-field elementor-size-lg  elementor-field-textual\" placeholder=\"Jean\" required=\"required\">\n\t\t\t\t\t\t\t\t\t\t\t<\/div>\n\t\t\t\t\t\t\t\t<div class=\"elementor-field-type-text elementor-field-group elementor-column elementor-field-group-nom elementor-col-50\">\n\t\t\t\t\t\t\t\t\t\t\t\t<label for=\"form-field-nom\" class=\"elementor-field-label\">\n\t\t\t\t\t\t\t\tNom\t\t\t\t\t\t\t<\/label>\n\t\t\t\t\t\t\t\t\t\t\t\t\t\t<input size=\"1\" type=\"text\" name=\"form_fields[nom]\" id=\"form-field-nom\" class=\"elementor-field elementor-size-lg  elementor-field-textual\" placeholder=\"Martin\">\n\t\t\t\t\t\t\t\t\t\t\t<\/div>\n\t\t\t\t\t\t\t\t<div class=\"elementor-field-type-email elementor-field-group elementor-column elementor-field-group-email elementor-col-50 elementor-field-required elementor-mark-required\">\n\t\t\t\t\t\t\t\t\t\t\t\t<label for=\"form-field-email\" class=\"elementor-field-label\">\n\t\t\t\t\t\t\t\tE-mail\t\t\t\t\t\t\t<\/label>\n\t\t\t\t\t\t\t\t\t\t\t\t\t\t<input size=\"1\" type=\"email\" name=\"form_fields[email]\" id=\"form-field-email\" class=\"elementor-field elementor-size-lg  elementor-field-textual\" placeholder=\"Email@exemple.com\" required=\"required\">\n\t\t\t\t\t\t\t\t\t\t\t<\/div>\n\t\t\t\t\t\t\t\t<div class=\"elementor-field-type-tel elementor-field-group elementor-column elementor-field-group-telephone elementor-col-50 elementor-field-required elementor-mark-required\">\n\t\t\t\t\t\t\t\t\t\t\t\t<label for=\"form-field-telephone\" class=\"elementor-field-label\">\n\t\t\t\t\t\t\t\tT\u00e9l\u00e9phone\t\t\t\t\t\t\t<\/label>\n\t\t\t\t\t\t\t\t<input size=\"1\" type=\"tel\" name=\"form_fields[telephone]\" id=\"form-field-telephone\" class=\"elementor-field elementor-size-lg  elementor-field-textual\" placeholder=\"0612345678\" required=\"required\" pattern=\"[0-9()#&amp;+*-=.]+\" title=\"Seuls les caract\u00e8res de num\u00e9ros de t\u00e9l\u00e9phone (#, -, *, etc.) sont accept\u00e9s.\">\n\n\t\t\t\t\t\t<\/div>\n\t\t\t\t\t\t\t\t<div class=\"elementor-field-type-select elementor-field-group elementor-column elementor-field-group-Statut elementor-col-50 elementor-field-required elementor-mark-required\">\n\t\t\t\t\t\t\t\t\t\t\t\t<label for=\"form-field-Statut\" class=\"elementor-field-label\">\n\t\t\t\t\t\t\t\tStatut actuel \t\t\t\t\t\t\t<\/label>\n\t\t\t\t\t\t\t\t<div class=\"elementor-field elementor-select-wrapper remove-before \">\n\t\t\t<div class=\"select-caret-down-wrapper\">\n\t\t\t\t<svg aria-hidden=\"true\" class=\"e-font-icon-svg e-eicon-caret-down\" viewBox=\"0 0 571.4 571.4\" xmlns=\"http:\/\/www.w3.org\/2000\/svg\"><path d=\"M571 393Q571 407 561 418L311 668Q300 679 286 679T261 668L11 418Q0 407 0 393T11 368 36 357H536Q550 357 561 368T571 393Z\"><\/path><\/svg>\t\t\t<\/div>\n\t\t\t<select name=\"form_fields[Statut]\" id=\"form-field-Statut\" class=\"elementor-field-textual elementor-size-lg\" required=\"required\">\n\t\t\t\t\t\t\t\t\t<option value=\"Salari\u00e9(e)\">Salari\u00e9(e)<\/option>\n\t\t\t\t\t\t\t\t\t<option value=\"Demandeur(euse) d&#039;emploi\">Demandeur(euse) d&#039;emploi<\/option>\n\t\t\t\t\t\t\t\t\t<option value=\"Dirigeant(e)\">Dirigeant(e)<\/option>\n\t\t\t\t\t\t\t\t\t<option value=\"Ind\u00e9pendant(e)\/ Auto-entrepreneur(euse)\">Ind\u00e9pendant(e)\/ Auto-entrepreneur(euse)<\/option>\n\t\t\t\t\t\t\t\t\t<option value=\"\u00c9tudiant(e)\">\u00c9tudiant(e)<\/option>\n\t\t\t\t\t\t\t\t\t<option value=\"Alternant(e)\">Alternant(e)<\/option>\n\t\t\t\t\t\t\t\t\t<option value=\"Responsable de formation\">Responsable de formation<\/option>\n\t\t\t\t\t\t\t\t\t<option value=\"Je suis\">Je suis<\/option>\n\t\t\t\t\t\t\t<\/select>\n\t\t<\/div>\n\t\t\t\t\t\t<\/div>\n\t\t\t\t\t\t\t\t<div class=\"elementor-field-type-select elementor-field-group elementor-column elementor-field-group-Niveau elementor-col-50 elementor-field-required elementor-mark-required\">\n\t\t\t\t\t\t\t\t\t\t\t\t<label for=\"form-field-Niveau\" class=\"elementor-field-label\">\n\t\t\t\t\t\t\t\tNiveau d'\u00e9tudes\t\t\t\t\t\t\t<\/label>\n\t\t\t\t\t\t\t\t<div class=\"elementor-field elementor-select-wrapper remove-before \">\n\t\t\t<div class=\"select-caret-down-wrapper\">\n\t\t\t\t<svg aria-hidden=\"true\" class=\"e-font-icon-svg e-eicon-caret-down\" viewBox=\"0 0 571.4 571.4\" xmlns=\"http:\/\/www.w3.org\/2000\/svg\"><path d=\"M571 393Q571 407 561 418L311 668Q300 679 286 679T261 668L11 418Q0 407 0 393T11 368 36 357H536Q550 357 561 368T571 393Z\"><\/path><\/svg>\t\t\t<\/div>\n\t\t\t<select name=\"form_fields[Niveau]\" id=\"form-field-Niveau\" class=\"elementor-field-textual elementor-size-lg\" required=\"required\">\n\t\t\t\t\t\t\t\t\t<option value=\"BEPC\">BEPC<\/option>\n\t\t\t\t\t\t\t\t\t<option value=\"CAP\">CAP<\/option>\n\t\t\t\t\t\t\t\t\t<option value=\"BEP\">BEP<\/option>\n\t\t\t\t\t\t\t\t\t<option value=\"BAC\">BAC<\/option>\n\t\t\t\t\t\t\t\t\t<option value=\"BAC + 2\">BAC + 2<\/option>\n\t\t\t\t\t\t\t\t\t<option value=\"BAC + 3\">BAC + 3<\/option>\n\t\t\t\t\t\t\t\t\t<option value=\"BAC + 5 et plus\">BAC + 5 et plus<\/option>\n\t\t\t\t\t\t\t\t\t<option value=\"Votre niveau \">Votre niveau <\/option>\n\t\t\t\t\t\t\t<\/select>\n\t\t<\/div>\n\t\t\t\t\t\t<\/div>\n\t\t\t\t\t\t\t\t<div class=\"elementor-field-type-select elementor-field-group elementor-column elementor-field-group-cursus_son elementor-col-50\">\n\t\t\t\t\t\t\t\t\t\t\t\t<label for=\"form-field-cursus_son\" class=\"elementor-field-label\">\n\t\t\t\t\t\t\t\t<strong>CURSUS<\/strong>\t\t\t\t\t\t\t<\/label>\n\t\t\t\t\t\t\t\t<div class=\"elementor-field elementor-select-wrapper remove-before \">\n\t\t\t<div class=\"select-caret-down-wrapper\">\n\t\t\t\t<svg aria-hidden=\"true\" class=\"e-font-icon-svg e-eicon-caret-down\" viewBox=\"0 0 571.4 571.4\" xmlns=\"http:\/\/www.w3.org\/2000\/svg\"><path d=\"M571 393Q571 407 561 418L311 668Q300 679 286 679T261 668L11 418Q0 407 0 393T11 368 36 357H536Q550 357 561 368T571 393Z\"><\/path><\/svg>\t\t\t<\/div>\n\t\t\t<select name=\"form_fields[cursus_son]\" id=\"form-field-cursus_son\" class=\"elementor-field-textual elementor-size-lg\">\n\t\t\t\t\t\t\t\t\t<option value=\"Titre professionnel Monteur Audiovisuel \">Titre professionnel Monteur Audiovisuel <\/option>\n\t\t\t\t\t\t\t\t\t<option value=\"Montage audiovisuel (Avid Media Composer)\">Montage audiovisuel (Avid Media Composer)<\/option>\n\t\t\t\t\t\t\t\t\t<option value=\"Montage audiovisuel (adobe premiere pro)\">Montage audiovisuel (adobe premiere pro)<\/option>\n\t\t\t\t\t\t\t\t\t<option value=\"Montage audiovisuel (Da Vinci Resolve)\">Montage audiovisuel (Da Vinci Resolve)<\/option>\n\t\t\t\t\t\t\t\t\t<option value=\"Effets visuels (VFX)\">Effets visuels (VFX)<\/option>\n\t\t\t\t\t\t\t\t\t<option value=\"Etalonnage vid\u00e9o\">Etalonnage vid\u00e9o<\/option>\n\t\t\t\t\t\t\t\t\t<option value=\"Traitement d&#039;image fixe\">Traitement d&#039;image fixe<\/option>\n\t\t\t\t\t\t\t\t\t<option value=\"Prise de vue\">Prise de vue<\/option>\n\t\t\t\t\t\t\t\t\t<option value=\"Ecriture sc\u00e9naristiques\">Ecriture sc\u00e9naristiques<\/option>\n\t\t\t\t\t\t\t\t\t<option value=\"Responsable Technique d&#039;Exploitations Sonores (RTES)\">Responsable Technique d&#039;Exploitations Sonores (RTES)<\/option>\n\t\t\t\t\t\t\t\t\t<option value=\"R\u00e9aliser un montage sonore par la MAO\">R\u00e9aliser un montage sonore par la MAO<\/option>\n\t\t\t\t\t\t\t\t\t<option value=\"R\u00e9aliser des mixages en post-production\">R\u00e9aliser des mixages en post-production<\/option>\n\t\t\t\t\t\t\t\t\t<option value=\"Mettre en place et g\u00e9rer les \u00e9quipements sonores relatifs ou spectacle vivant\">Mettre en place et g\u00e9rer les \u00e9quipements sonores relatifs ou spectacle vivant<\/option>\n\t\t\t\t\t\t\t\t\t<option value=\"Enregistrer des instruments acoustiques et \u00e9lectriques\">Enregistrer des instruments acoustiques et \u00e9lectriques<\/option>\n\t\t\t\t\t\t\t\t\t<option value=\"Techniques de la MAO (Ableton Live) \">Techniques de la MAO (Ableton Live) <\/option>\n\t\t\t\t\t\t\t\t\t<option value=\"Beatmaking\">Beatmaking<\/option>\n\t\t\t\t\t\t\t\t\t<option value=\"Techniques du studio \">Techniques du studio <\/option>\n\t\t\t\t\t\t\t\t\t<option value=\"Technicien radio \">Technicien radio <\/option>\n\t\t\t\t\t\t\t\t\t<option value=\"Animateur radio\">Animateur radio<\/option>\n\t\t\t\t\t\t\t\t\t<option value=\"\"><\/option>\n\t\t\t\t\t\t\t\t\t<option value=\"S\u00e9lectionner\">S\u00e9lectionner<\/option>\n\t\t\t\t\t\t\t<\/select>\n\t\t<\/div>\n\t\t\t\t\t\t<\/div>\n\t\t\t\t\t\t\t\t<div class=\"elementor-field-type-checkbox elementor-field-group elementor-column elementor-field-group-souhait_contact elementor-col-100\">\n\t\t\t\t\t\t\t\t\t\t\t\t<label for=\"form-field-souhait_contact\" class=\"elementor-field-label\">\n\t\t\t\t\t\t\t\t<strong>Comment pr\u00e9f\u00e9rez-vous \u00eatre contact\u00e9(e) ?<\/strong>\t\t\t\t\t\t\t<\/label>\n\t\t\t\t\t\t<div class=\"elementor-field-subgroup  \"><span class=\"elementor-field-option\"><input type=\"checkbox\" value=\"\u00catre rappel\u00e9 pour informations\" id=\"form-field-souhait_contact-0\" name=\"form_fields[souhait_contact][]\"> <label for=\"form-field-souhait_contact-0\">\u00catre rappel\u00e9 pour informations<\/label><\/span><span class=\"elementor-field-option\"><input type=\"checkbox\" value=\"Prendre rendez-vous\" id=\"form-field-souhait_contact-1\" name=\"form_fields[souhait_contact][]\"> <label for=\"form-field-souhait_contact-1\">Prendre rendez-vous<\/label><\/span><span class=\"elementor-field-option\"><input type=\"checkbox\" value=\"Recevoir les informations par e-mail\" id=\"form-field-souhait_contact-2\" name=\"form_fields[souhait_contact][]\"> <label for=\"form-field-souhait_contact-2\">Recevoir les informations par e-mail<\/label><\/span><span class=\"elementor-field-option\"><input type=\"checkbox\" value=\"Recevoir mon dossier de candidature\" id=\"form-field-souhait_contact-3\" name=\"form_fields[souhait_contact][]\"> <label for=\"form-field-souhait_contact-3\">Recevoir mon dossier de candidature<\/label><\/span><\/div>\t\t\t\t<\/div>\n\t\t\t\t\t\t\t\t<div class=\"elementor-field-type-html elementor-field-group elementor-column elementor-field-group-field_8caf9d0 elementor-col-100\">\n\t\t\t\t\tVous pouvez aussi nous contacter au :\n<a href=\"tel:+33491672027\">04 91 67 20 27 <\/a>\t\t\t\t<\/div>\n\t\t\t\t\t\t\t\t<div class=\"elementor-field-type-acceptance elementor-field-group elementor-column elementor-field-group-acceptation_rgpd elementor-col-100\">\n\t\t\t\t\t\t\t<div class=\"elementor-field-subgroup\">\n\t\t\t<span class=\"elementor-field-option\">\n\t\t\t\t<input type=\"checkbox\" name=\"form_fields[acceptation_rgpd]\" id=\"form-field-acceptation_rgpd\" class=\"elementor-field elementor-size-lg  elementor-acceptance-field\" checked=\"checked\">\n\t\t\t\t<label for=\"form-field-acceptation_rgpd\">En cliquant ci-dessus sur Envoyer, vous acceptez nos <a href=\"https:\/\/images91.com\/restaurant\/conditions-generales-dutilisation\">conditions g\u00e9n\u00e9rales d'utilisation<\/a> et notre <a href=\"https:\/\/images91.com\/restaurant\/politique-de-confidentialite\">politique de confidentialit\u00e9<\/a>.<\/label>\t\t\t<\/span>\n\t\t<\/div>\n\t\t\t\t\t\t<\/div>\n\t\t\t\t\t\t\t\t<div class=\"elementor-field-type-checkbox elementor-field-group elementor-column elementor-field-group-Abo_Newsletter elementor-col-100\">\n\t\t\t\t\t<div class=\"elementor-field-subgroup  \"><span class=\"elementor-field-option\"><input type=\"checkbox\" value=\"Je souhaite recevoir les actualit\u00e9s et informations d&#039;EANIS\" id=\"form-field-Abo_Newsletter-0\" name=\"form_fields[Abo_Newsletter]\"> <label for=\"form-field-Abo_Newsletter-0\">Je souhaite recevoir les actualit\u00e9s et informations d'EANIS<\/label><\/span><\/div>\t\t\t\t<\/div>\n\t\t\t\t\t\t\t\t<div class=\"elementor-field-group elementor-column elementor-field-type-submit elementor-col-100 e-form__buttons\">\n\t\t\t\t\t<button class=\"elementor-button elementor-size-lg\" type=\"submit\">\n\t\t\t\t\t\t<span class=\"elementor-button-content-wrapper\">\n\t\t\t\t\t\t\t\t\t\t\t\t\t\t\t<span class=\"elementor-button-icon\">\n\t\t\t\t\t\t\t\t\t<svg aria-hidden=\"true\" class=\"e-font-icon-svg e-far-paper-plane\" viewBox=\"0 0 512 512\" xmlns=\"http:\/\/www.w3.org\/2000\/svg\"><path d=\"M440 6.5L24 246.4c-34.4 19.9-31.1 70.8 5.7 85.9L144 379.6V464c0 46.4 59.2 65.5 86.6 28.6l43.8-59.1 111.9 46.2c5.9 2.4 12.1 3.6 18.3 3.6 8.2 0 16.3-2.1 23.6-6.2 12.8-7.2 21.6-20 23.9-34.5l59.4-387.2c6.1-40.1-36.9-68.8-71.5-48.9zM192 464v-64.6l36.6 15.1L192 464zm212.6-28.7l-153.8-63.5L391 169.5c10.7-15.5-9.5-33.5-23.7-21.2L155.8 332.6 48 288 464 48l-59.4 387.3z\"><\/path><\/svg>\t\t\t\t\t\t\t\t\t\t\t\t\t\t\t\t\t<\/span>\n\t\t\t\t\t\t\t\t\t\t\t\t\t\t\t\t\t\t\t\t\t\t<span class=\"elementor-button-text\">ENVOYER MA DEMANDE<\/span>\n\t\t\t\t\t\t\t\t\t\t\t\t\t<\/span>\n\t\t\t\t\t<\/button>\n\t\t\t\t<\/div>\n\t\t\t<\/div>\n\t\t<\/form>\n\t\t\t\t\t\t<\/div>\n\t\t\t\t<\/div>\n\t\t\t\t\t<\/div>\n\t\t\t\t<\/div>\n\t\t\t\t<\/div>\n\t\t","protected":false},"excerpt":{"rendered":"<p>Rejoignez EANIS Rejoignez-nous et transformez votre passion en carri\u00e8re Pourquoi nous rejoindre ? Formation d&rsquo;excellence Studios professionnels, formateurs experts du [&hellip;]<\/p>\n","protected":false},"author":1,"featured_media":0,"parent":0,"menu_order":0,"comment_status":"closed","ping_status":"closed","template":"","meta":{"_acf_changed":false,"site-sidebar-layout":"no-sidebar","site-content-layout":"","ast-site-content-layout":"full-width-container","site-content-style":"default","site-sidebar-style":"default","ast-global-header-display":"","ast-banner-title-visibility":"","ast-main-header-display":"","ast-hfb-above-header-display":"","ast-hfb-below-header-display":"","ast-hfb-mobile-header-display":"","site-post-title":"disabled","ast-breadcrumbs-content":"","ast-featured-img":"disabled","footer-sml-layout":"","ast-disable-related-posts":"","theme-transparent-header-meta":"","adv-header-id-meta":"","stick-header-meta":"","header-above-stick-meta":"","header-main-stick-meta":"","header-below-stick-meta":"","astra-migrate-meta-layouts":"default","ast-page-background-enabled":"default","ast-page-background-meta":{"desktop":{"background-color":"var(--ast-global-color-5)","background-image":"","background-repeat":"repeat","background-position":"center center","background-size":"auto","background-attachment":"scroll","background-type":"","background-media":"","overlay-type":"","overlay-color":"","overlay-opacity":"","overlay-gradient":""},"tablet":{"background-color":"","background-image":"","background-repeat":"repeat","background-position":"center center","background-size":"auto","background-attachment":"scroll","background-type":"","background-media":"","overlay-type":"","overlay-color":"","overlay-opacity":"","overlay-gradient":""},"mobile":{"background-color":"","background-image":"","background-repeat":"repeat","background-position":"center center","background-size":"auto","background-attachment":"scroll","background-type":"","background-media":"","overlay-type":"","overlay-color":"","overlay-opacity":"","overlay-gradient":""}},"ast-content-background-meta":{"desktop":{"background-color":"var(--ast-global-color-4)","background-image":"","background-repeat":"repeat","background-position":"center center","background-size":"auto","background-attachment":"scroll","background-type":"","background-media":"","overlay-type":"","overlay-color":"","overlay-opacity":"","overlay-gradient":""},"tablet":{"background-color":"var(--ast-global-color-4)","background-image":"","background-repeat":"repeat","background-position":"center center","background-size":"auto","background-attachment":"scroll","background-type":"","background-media":"","overlay-type":"","overlay-color":"","overlay-opacity":"","overlay-gradient":""},"mobile":{"background-color":"var(--ast-global-color-4)","background-image":"","background-repeat":"repeat","background-position":"center center","background-size":"auto","background-attachment":"scroll","background-type":"","background-media":"","overlay-type":"","overlay-color":"","overlay-opacity":"","overlay-gradient":""}},"footnotes":""},"class_list":["post-2096","page","type-page","status-publish","hentry"],"acf":[],"_links":{"self":[{"href":"https:\/\/images91.com\/restaurant\/wp-json\/wp\/v2\/pages\/2096","targetHints":{"allow":["GET"]}}],"collection":[{"href":"https:\/\/images91.com\/restaurant\/wp-json\/wp\/v2\/pages"}],"about":[{"href":"https:\/\/images91.com\/restaurant\/wp-json\/wp\/v2\/types\/page"}],"author":[{"embeddable":true,"href":"https:\/\/images91.com\/restaurant\/wp-json\/wp\/v2\/users\/1"}],"replies":[{"embeddable":true,"href":"https:\/\/images91.com\/restaurant\/wp-json\/wp\/v2\/comments?post=2096"}],"version-history":[{"count":97,"href":"https:\/\/images91.com\/restaurant\/wp-json\/wp\/v2\/pages\/2096\/revisions"}],"predecessor-version":[{"id":3528,"href":"https:\/\/images91.com\/restaurant\/wp-json\/wp\/v2\/pages\/2096\/revisions\/3528"}],"wp:attachment":[{"href":"https:\/\/images91.com\/restaurant\/wp-json\/wp\/v2\/media?parent=2096"}],"curies":[{"name":"wp","href":"https:\/\/api.w.org\/{rel}","templated":true}]}}